{"id":897,"date":"2022-03-10T16:52:44","date_gmt":"2022-03-10T16:52:44","guid":{"rendered":"https:\/\/aprueva.com\/?page_id=897"},"modified":"2022-03-16T15:07:55","modified_gmt":"2022-03-16T15:07:55","slug":"preguntas-frecuentes","status":"publish","type":"page","link":"https:\/\/aprueva.com\/en\/entidades-financieras\/preguntas-frecuentes\/","title":{"rendered":"Frequently asked questions"},"content":{"rendered":"<div data-elementor-type=\"wp-page\" data-elementor-id=\"897\" class=\"elementor elementor-897\">\n\t\t\t\t\t\t<section class=\"ob-is-breaking-bad elementor-section elementor-top-section elementor-element elementor-element-a76d55d elementor-section-boxed elementor-section-height-default elementor-section-height-default\" data-id=\"a76d55d\" data-element_type=\"section\" data-settings=\"{&quot;background_background&quot;:&quot;classic&quot;,&quot;_ob_bbad_use_it&quot;:&quot;yes&quot;,&quot;_ob_bbad_sssic_use&quot;:&quot;no&quot;}\">\n\t\t\t\t\t\t<div class=\"elementor-container elementor-column-gap-no\">\n\t\t\t\t\t<div class=\"elementor-column elementor-col-100 elementor-top-column elementor-element elementor-element-85a0921\" data-id=\"85a0921\" data-element_type=\"column\" data-settings=\"{&quot;_ob_bbad_is_stalker&quot;:&quot;no&quot;}\">\n\t\t\t<div class=\"elementor-widget-wrap elementor-element-populated\">\n\t\t\t\t\t\t<div class=\"elementor-element elementor-element-e3fe7b8 elementor-widget elementor-widget-heading\" data-id=\"e3fe7b8\" data-element_type=\"widget\" data-settings=\"{&quot;_ob_widget_stalker_use&quot;:&quot;no&quot;}\" data-widget_type=\"heading.default\">\n\t\t\t\t<div class=\"elementor-widget-container\">\n\t\t\t<style>\/*! elementor - v3.23.0 - 15-07-2024 *\/\n.elementor-heading-title{padding:0;margin:0;line-height:1}.elementor-widget-heading .elementor-heading-title[class*=elementor-size-]>a{color:inherit;font-size:inherit;line-height:inherit}.elementor-widget-heading .elementor-heading-title.elementor-size-small{font-size:15px}.elementor-widget-heading .elementor-heading-title.elementor-size-medium{font-size:19px}.elementor-widget-heading .elementor-heading-title.elementor-size-large{font-size:29px}.elementor-widget-heading .elementor-heading-title.elementor-size-xl{font-size:39px}.elementor-widget-heading .elementor-heading-title.elementor-size-xxl{font-size:59px}<\/style><h1 class=\"elementor-heading-title elementor-size-default\">AprueVa, the first digital credit button: Frecuently Asked Questions (FQA)<\/h1>\t\t<\/div>\n\t\t\t\t<\/div>\n\t\t\t\t<div class=\"elementor-element elementor-element-a449218 elementor-widget elementor-widget-text-editor\" data-id=\"a449218\" data-element_type=\"widget\" data-settings=\"{&quot;_ob_postman_use&quot;:&quot;no&quot;,&quot;_ob_widget_stalker_use&quot;:&quot;no&quot;}\" data-widget_type=\"text-editor.default\">\n\t\t\t\t<div class=\"elementor-widget-container\">\n\t\t\t<style>\/*! elementor - v3.23.0 - 15-07-2024 *\/\n.elementor-widget-text-editor.elementor-drop-cap-view-stacked .elementor-drop-cap{background-color:#69727d;color:#fff}.elementor-widget-text-editor.elementor-drop-cap-view-framed .elementor-drop-cap{color:#69727d;border:3px solid;background-color:transparent}.elementor-widget-text-editor:not(.elementor-drop-cap-view-default) .elementor-drop-cap{margin-top:8px}.elementor-widget-text-editor:not(.elementor-drop-cap-view-default) .elementor-drop-cap-letter{width:1em;height:1em}.elementor-widget-text-editor .elementor-drop-cap{float:left;text-align:center;line-height:1;font-size:50px}.elementor-widget-text-editor .elementor-drop-cap-letter{display:inline-block}<\/style>\t\t\t\t<p>We answer your questions about our integrated financial management services company.<\/p>\t\t\t\t\t\t<\/div>\n\t\t\t\t<\/div>\n\t\t\t\t<div class=\"elementor-element elementor-element-cd89057 mouse elementor-view-default elementor-widget elementor-widget-icon\" data-id=\"cd89057\" data-element_type=\"widget\" data-settings=\"{&quot;_ob_widget_stalker_use&quot;:&quot;no&quot;}\" data-widget_type=\"icon.default\">\n\t\t\t\t<div class=\"elementor-widget-container\">\n\t\t\t\t\t<div class=\"elementor-icon-wrapper\">\n\t\t\t<a class=\"elementor-icon\" href=\"#preguntas\">\n\t\t\t<svg xmlns=\"http:\/\/www.w3.org\/2000\/svg\" width=\"24\" height=\"36\" viewbox=\"0 0 24 36\"><g transform=\"translate(-671 -639)\"><g transform=\"translate(665 639)\"><path d=\"M18,7.5A1.5,1.5,0,0,0,16.5,9v6a1.5,1.5,0,0,0,3,0V9A1.5,1.5,0,0,0,18,7.5Z\" fill=\"#fff\"><\/path><path d=\"M6,12a12,12,0,1,1,24,0V24A12,12,0,0,1,6,24Zm21,0V24A9,9,0,0,1,9,24V12a9,9,0,0,1,18,0Z\" fill=\"#fff\" fill-rule=\"evenodd\"><\/path><\/g><\/g><\/svg>\t\t\t<\/a>\n\t\t<\/div>\n\t\t\t\t<\/div>\n\t\t\t\t<\/div>\n\t\t\t\t\t<\/div>\n\t\t<\/div>\n\t\t\t\t\t<\/div>\n\t\t<\/section>\n\t\t\t\t<section class=\"ob-is-breaking-bad elementor-section elementor-top-section elementor-element elementor-element-41acd29 elementor-section-boxed elementor-section-height-default elementor-section-height-default\" data-id=\"41acd29\" data-element_type=\"section\" id=\"preguntas\" data-settings=\"{&quot;_ob_bbad_use_it&quot;:&quot;yes&quot;,&quot;_ob_bbad_sssic_use&quot;:&quot;no&quot;}\">\n\t\t\t\t\t\t<div class=\"elementor-container elementor-column-gap-no\">\n\t\t\t\t\t<div class=\"elementor-column elementor-col-100 elementor-top-column elementor-element elementor-element-c9e9899\" data-id=\"c9e9899\" data-element_type=\"column\" data-settings=\"{&quot;_ob_bbad_is_stalker&quot;:&quot;no&quot;}\">\n\t\t\t<div class=\"elementor-widget-wrap elementor-element-populated\">\n\t\t\t\t\t\t<div class=\"elementor-element elementor-element-f4e9e14 elementor-widget elementor-widget-jet-accordion\" data-id=\"f4e9e14\" data-element_type=\"widget\" data-settings=\"{&quot;_ob_widget_stalker_use&quot;:&quot;no&quot;}\" data-widget_type=\"jet-accordion.default\">\n\t\t\t\t<div class=\"elementor-widget-container\">\n\t\t\t\t\t<div class=\"jet-accordion\" data-settings=\"{&quot;collapsible&quot;:true,&quot;ajaxTemplate&quot;:false,&quot;switchScrolling&quot;:false}\" role=\"tablist\">\n\t\t\t<div class=\"jet-accordion__inner\">\n\t\t\t\t<div class=\"jet-accordion__item jet-toggle jet-toggle-move-up-effect\">\n\t\t\t\t\t\t\t<div id=\"jet-toggle-control-2561\" class=\"jet-toggle__control elementor-menu-anchor\" data-toggle=\"1\" role=\"tab\" aria-controls=\"jet-toggle-content-2561\" aria-expanded=\"false\" data-template-id=\"false\">\n\t\t\t\t\t\t\t\t<div class=\"jet-toggle__label-icon jet-toggle-icon-position-right\"><span class=\"jet-toggle__icon icon-normal jet-tabs-icon\"><i aria-hidden=\"true\" class=\"fas fa-plus\"><\/i><\/span><span class=\"jet-toggle__icon icon-active jet-tabs-icon\"><i aria-hidden=\"true\" class=\"fas fa-minus\"><\/i><\/span><\/div><div class=\"jet-toggle__label-text\">What are AprueVa's financial management plans?<\/div>\t\t\t\t\t\t\t<\/div>\n\t\t\t\t\t\t\t<div id=\"jet-toggle-content-2561\" class=\"jet-toggle__content\" data-toggle=\"1\" role=\"tabpanel\" aria-hidden=\"true\" data-template-id=\"false\">\n\t\t\t\t\t\t\t\t<div class=\"jet-toggle__content-inner\"><p>AprueVa's financial management plans are: Platform Use, Full Access, Credit Button and Super Lead. Your clients will be able to access these credit processing plans through our digital platform.<\/p><\/div>\n\t\t\t\t\t\t\t<\/div>\n\t\t\t\t\t\t<\/div><div class=\"jet-accordion__item jet-toggle jet-toggle-move-up-effect\">\n\t\t\t\t\t\t\t<div id=\"jet-toggle-control-2562\" class=\"jet-toggle__control elementor-menu-anchor\" data-toggle=\"2\" role=\"tab\" aria-controls=\"jet-toggle-content-2562\" aria-expanded=\"false\" data-template-id=\"false\">\n\t\t\t\t\t\t\t\t<div class=\"jet-toggle__label-icon jet-toggle-icon-position-right\"><span class=\"jet-toggle__icon icon-normal jet-tabs-icon\"><i aria-hidden=\"true\" class=\"fas fa-plus\"><\/i><\/span><span class=\"jet-toggle__icon icon-active jet-tabs-icon\"><i aria-hidden=\"true\" class=\"fas fa-minus\"><\/i><\/span><\/div><div class=\"jet-toggle__label-text\">What is a digital credit button?<\/div>\t\t\t\t\t\t\t<\/div>\n\t\t\t\t\t\t\t<div id=\"jet-toggle-content-2562\" class=\"jet-toggle__content\" data-toggle=\"2\" role=\"tabpanel\" aria-hidden=\"true\" data-template-id=\"false\">\n\t\t\t\t\t\t\t\t<div class=\"jet-toggle__content-inner\"><p>A digital credit button is a customized credit management software that allows you to process data, in real time, to find your customers the best credit products from financial institutions.<\/p><\/div>\n\t\t\t\t\t\t\t<\/div>\n\t\t\t\t\t\t<\/div><div class=\"jet-accordion__item jet-toggle jet-toggle-move-up-effect\">\n\t\t\t\t\t\t\t<div id=\"jet-toggle-control-2563\" class=\"jet-toggle__control elementor-menu-anchor\" data-toggle=\"3\" role=\"tab\" aria-controls=\"jet-toggle-content-2563\" aria-expanded=\"false\" data-template-id=\"false\">\n\t\t\t\t\t\t\t\t<div class=\"jet-toggle__label-icon jet-toggle-icon-position-right\"><span class=\"jet-toggle__icon icon-normal jet-tabs-icon\"><i aria-hidden=\"true\" class=\"fas fa-plus\"><\/i><\/span><span class=\"jet-toggle__icon icon-active jet-tabs-icon\"><i aria-hidden=\"true\" class=\"fas fa-minus\"><\/i><\/span><\/div><div class=\"jet-toggle__label-text\">Is PrueVa a financial institution that make loans?<\/div>\t\t\t\t\t\t\t<\/div>\n\t\t\t\t\t\t\t<div id=\"jet-toggle-content-2563\" class=\"jet-toggle__content\" data-toggle=\"3\" role=\"tabpanel\" aria-hidden=\"true\" data-template-id=\"false\">\n\t\t\t\t\t\t\t\t<div class=\"jet-toggle__content-inner\"><p>AprueVa is not a financial institution. We are a company that integrates credit management processes with the most recognized financial authorities in real time.<\/p><\/div>\n\t\t\t\t\t\t\t<\/div>\n\t\t\t\t\t\t<\/div><div class=\"jet-accordion__item jet-toggle jet-toggle-move-up-effect\">\n\t\t\t\t\t\t\t<div id=\"jet-toggle-control-2564\" class=\"jet-toggle__control elementor-menu-anchor\" data-toggle=\"4\" role=\"tab\" aria-controls=\"jet-toggle-content-2564\" aria-expanded=\"false\" data-template-id=\"false\">\n\t\t\t\t\t\t\t\t<div class=\"jet-toggle__label-icon jet-toggle-icon-position-right\"><span class=\"jet-toggle__icon icon-normal jet-tabs-icon\"><i aria-hidden=\"true\" class=\"fas fa-plus\"><\/i><\/span><span class=\"jet-toggle__icon icon-active jet-tabs-icon\"><i aria-hidden=\"true\" class=\"fas fa-minus\"><\/i><\/span><\/div><div class=\"jet-toggle__label-text\">What is Credit Intelligence?<\/div>\t\t\t\t\t\t\t<\/div>\n\t\t\t\t\t\t\t<div id=\"jet-toggle-content-2564\" class=\"jet-toggle__content\" data-toggle=\"4\" role=\"tabpanel\" aria-hidden=\"true\" data-template-id=\"false\">\n\t\t\t\t\t\t\t\t<div class=\"jet-toggle__content-inner\"><p>It is a technological solution that analyzes credit behavior patterns, which defines, in a few minutes, which is the best financial institution to grant a loan to its customers.<\/p><\/div>\n\t\t\t\t\t\t\t<\/div>\n\t\t\t\t\t\t<\/div>\t\t\t\t\t\t\t\t\t\t\t<script type=\"application\/ld+json\">{\"@context\":\"https:\\\/\\\/schema.org\",\"@type\":\"FAQPage\",\"mainEntity\":[{\"@type\":\"Question\",\"name\":\"\\u00bfCu\\u00e1les son los planes de gesti\\u00f3n financiera de AprueVa?\",\"acceptedAnswer\":{\"@type\":\"Answer\",\"text\":\"Los planes de gesti\\u00f3n financiera de AprueVa son: Uso de plataforma, Acceso completo, Bot\\u00f3n de cr\\u00e9dito y Super lead. Tus clientes podr\\u00e1n acceder a estos planes de tramitaci\\u00f3n crediticia, a trav\\u00e9s de nuestra plataforma digital.\"}},{\"@type\":\"Question\",\"name\":\"\\u00bfQu\\u00e9 es un bot\\u00f3n de cr\\u00e9dito digital?\",\"acceptedAnswer\":{\"@type\":\"Answer\",\"text\":\"Un bot\\u00f3n de cr\\u00e9dito digital es un software de gesti\\u00f3n de cr\\u00e9dito personalizado que permite procesar datos, en tiempo real, para buscar a tus clientes los mejores productos crediticios de entidades financieras.\"}},{\"@type\":\"Question\",\"name\":\"\\u00bfAprueVa es una entidad financiera que brinda cr\\u00e9ditos?\",\"acceptedAnswer\":{\"@type\":\"Answer\",\"text\":\"AprueVa no es una entidad financiera. Somos una compa\\u00f1\\u00eda que integra procesos de gesti\\u00f3n de cr\\u00e9dito, con las m\\u00e1s reconocidas autoridades financieras en tiempo real.\"}},{\"@type\":\"Question\",\"name\":\"\\u00bfQu\\u00e9 es Inteligencia Digital Crediticia?\",\"acceptedAnswer\":{\"@type\":\"Answer\",\"text\":\"Es una soluci\\u00f3n tecnol\\u00f3gica que analiza patrones de comportamiento crediticio, que define, en pocos minutos, cu\\u00e1l es la mejor entidad financiera para otorgarla un cr\\u00e9dito a sus clientes.\"}}]}<\/script>\n\t\t\t\t\t\t\t\t<\/div>\n\t\t<\/div>\n\t\t\t\t<\/div>\n\t\t\t\t<\/div>\n\t\t\t\t\t<\/div>\n\t\t<\/div>\n\t\t\t\t\t<\/div>\n\t\t<\/section>\n\t\t\t\t<section class=\"ob-is-breaking-bad elementor-section elementor-top-section elementor-element elementor-element-6853cf6 elementor-section-boxed elementor-section-height-default elementor-section-height-default\" data-id=\"6853cf6\" data-element_type=\"section\" data-settings=\"{&quot;background_background&quot;:&quot;classic&quot;,&quot;_ob_bbad_use_it&quot;:&quot;yes&quot;,&quot;_ob_bbad_sssic_use&quot;:&quot;no&quot;}\">\n\t\t\t\t\t\t<div class=\"elementor-container elementor-column-gap-default\">\n\t\t\t\t\t<div class=\"elementor-column elementor-col-100 elementor-top-column elementor-element elementor-element-079c245\" data-id=\"079c245\" data-element_type=\"column\" data-settings=\"{&quot;background_background&quot;:&quot;gradient&quot;,&quot;_ob_bbad_is_stalker&quot;:&quot;no&quot;}\">\n\t\t\t<div class=\"elementor-widget-wrap elementor-element-populated\">\n\t\t\t\t\t\t<div class=\"elementor-element elementor-element-ecd9430 elementor-widget elementor-widget-heading\" data-id=\"ecd9430\" data-element_type=\"widget\" data-settings=\"{&quot;_ob_widget_stalker_use&quot;:&quot;no&quot;}\" data-widget_type=\"heading.default\">\n\t\t\t\t<div class=\"elementor-widget-container\">\n\t\t\t<h2 class=\"elementor-heading-title elementor-size-default\">Businesses<\/h2>\t\t<\/div>\n\t\t\t\t<\/div>\n\t\t\t\t<div class=\"elementor-element elementor-element-4c2da74 elementor-widget elementor-widget-text-editor\" data-id=\"4c2da74\" data-element_type=\"widget\" data-settings=\"{&quot;_ob_postman_use&quot;:&quot;no&quot;,&quot;_ob_widget_stalker_use&quot;:&quot;no&quot;}\" data-widget_type=\"text-editor.default\">\n\t\t\t\t<div class=\"elementor-widget-container\">\n\t\t\t\t\t\t\t<p>It allows your business to grow steadily, in addition to easy access for your customers to your products and services.<\/p>\t\t\t\t\t\t<\/div>\n\t\t\t\t<\/div>\n\t\t\t\t<div class=\"elementor-element elementor-element-ddc822f elementor-mobile-align-center elementor-widget elementor-widget-button\" data-id=\"ddc822f\" data-element_type=\"widget\" data-settings=\"{&quot;_ob_widget_stalker_use&quot;:&quot;no&quot;}\" data-widget_type=\"button.default\">\n\t\t\t\t<div class=\"elementor-widget-container\">\n\t\t\t\t\t<div class=\"elementor-button-wrapper\">\n\t\t\t<a class=\"elementor-button elementor-button-link elementor-size-sm\" href=\"https:\/\/aprueva.com\/en\/comercio\/\">\n\t\t\t\t\t\t<span class=\"elementor-button-content-wrapper\">\n\t\t\t\t\t\t<span class=\"elementor-button-icon\">\n\t\t\t\t<i aria-hidden=\"true\" class=\"iconapv- icon-apv-chevron-right\"><\/i>\t\t\t<\/span>\n\t\t\t\t\t\t\t\t\t<span class=\"elementor-button-text\">More information<\/span>\n\t\t\t\t\t<\/span>\n\t\t\t\t\t<\/a>\n\t\t<\/div>\n\t\t\t\t<\/div>\n\t\t\t\t<\/div>\n\t\t\t\t\t<\/div>\n\t\t<\/div>\n\t\t\t\t\t<\/div>\n\t\t<\/section>\n\t\t\t\t<\/div>","protected":false},"excerpt":{"rendered":"<p>Preguntas frecuentes de las entidades financieras sobre nuestro bot\u00f3n de cr\u00e9dito Resuelve tus dudas sobre nuestra compa\u00f1\u00eda integradora de servicios de gesti\u00f3n financiera. \u00bfCu\u00e1les son los planes de gesti\u00f3n financiera de AprueVa? Los planes de gesti\u00f3n financiera de AprueVa son: Uso de plataforma, Acceso completo, Bot\u00f3n de cr\u00e9dito y Super lead. Tus clientes podr\u00e1n acceder [&hellip;]<\/p>","protected":false},"author":1,"featured_media":0,"parent":5,"menu_order":0,"comment_status":"closed","ping_status":"closed","template":"","meta":{"footnotes":""},"class_list":["post-897","page","type-page","status-publish","hentry"],"_links":{"self":[{"href":"https:\/\/aprueva.com\/en\/wp-json\/wp\/v2\/pages\/897","targetHints":{"allow":["GET"]}}],"collection":[{"href":"https:\/\/aprueva.com\/en\/wp-json\/wp\/v2\/pages"}],"about":[{"href":"https:\/\/aprueva.com\/en\/wp-json\/wp\/v2\/types\/page"}],"author":[{"embeddable":true,"href":"https:\/\/aprueva.com\/en\/wp-json\/wp\/v2\/users\/1"}],"replies":[{"embeddable":true,"href":"https:\/\/aprueva.com\/en\/wp-json\/wp\/v2\/comments?post=897"}],"version-history":[{"count":43,"href":"https:\/\/aprueva.com\/en\/wp-json\/wp\/v2\/pages\/897\/revisions"}],"predecessor-version":[{"id":1337,"href":"https:\/\/aprueva.com\/en\/wp-json\/wp\/v2\/pages\/897\/revisions\/1337"}],"up":[{"embeddable":true,"href":"https:\/\/aprueva.com\/en\/wp-json\/wp\/v2\/pages\/5"}],"wp:attachment":[{"href":"https:\/\/aprueva.com\/en\/wp-json\/wp\/v2\/media?parent=897"}],"curies":[{"name":"wp","href":"https:\/\/api.w.org\/{rel}","templated":true}]}}